{"id":9,"date":"2025-03-12T08:41:40","date_gmt":"2025-03-12T08:41:40","guid":{"rendered":"https:\/\/sundsstaden.se\/cronholms.se\/?page_id=9"},"modified":"2025-03-25T09:33:25","modified_gmt":"2025-03-25T08:33:25","slug":"start","status":"publish","type":"page","link":"https:\/\/sundsstaden.se\/cronholms.se\/","title":{"rendered":"Start"},"content":{"rendered":"<p>[et_pb_section fb_built=&#8221;1&#8243; fullwidth=&#8221;on&#8221; _builder_version=&#8221;4.27.0&#8243; _module_preset=&#8221;default&#8221; background_image=&#8221;https:\/\/sundsstaden.se\/cronholms.se\/wp-content\/uploads\/2025\/03\/image002-scaled.jpg&#8221; custom_margin=&#8221;-80px||||false|false&#8221; global_colors_info=&#8221;{}&#8221;][et_pb_fullwidth_header text_orientation=&#8221;center&#8221; header_fullscreen=&#8221;on&#8221; button_one_text=&#8221;V\u00e4lkommen in&#8221; button_one_url=&#8221;https:\/\/sundsstaden.se\/&#8221; logo_image_url=&#8221;https:\/\/sundsstaden.se\/cronholms.se\/wp-content\/uploads\/2025\/03\/3f_Sundsstaden_Cronholm_logo_neg.png&#8221; _builder_version=&#8221;4.27.4&#8243; _module_preset=&#8221;default&#8221; content_font_size=&#8221;17px&#8221; background_color=&#8221;rgba(0,0,0,0.61)&#8221; background_image=&#8221;https:\/\/sundsstaden.se\/cronholms.se\/wp-content\/uploads\/2025\/03\/image002-scaled.jpg&#8221; background_blend=&#8221;multiply&#8221; custom_button_one=&#8221;on&#8221; button_one_text_size=&#8221;19px&#8221; button_one_border_width=&#8221;1px&#8221; module_alignment=&#8221;center&#8221; custom_padding=&#8221;||80px||false|false&#8221; hover_enabled=&#8221;0&#8243; custom_css_logo=&#8221;max-width:300px&#8221; custom_css_content=&#8221;margin-top:30px;&#8221; custom_css_button_1=&#8221;margin-top:40px;&#8221; global_colors_info=&#8221;{}&#8221; custom_css_logo_last_edited=&#8221;on|phone&#8221; custom_css_logo_tablet=&#8221;max-width:250px&#8221; custom_css_logo_phone=&#8221;max-width:150px&#8221; button_one_use_icon=&#8221;off&#8221; sticky_enabled=&#8221;0&#8243;]<\/p>\n<p class=\"xmsonormal\"><span data-ogsc=\"rgb(33, 33, 33)\">Sedan \u00e5rsskiftet \u00e4r vi p\u00e5 Cronholms &amp; Partners en del av Sundsstaden och blir d\u00e4rmed \u00e4nnu<span class=\"apple-converted-space\">\u00a0<\/span><\/span><\/p>\n<p class=\"xmsonormal\"><span data-ogsc=\"rgb(33, 33, 33)\">starkare i hela \u00d6resundsregionen, inte minst i Helsingborg d\u00e4r v\u00e5rt tj\u00e4nsteutbud breddas och<span class=\"apple-converted-space\">\u00a0<\/span><\/span><\/p>\n<p class=\"xmsonormal\"><span data-ogsc=\"rgb(33, 33, 33)\">f\u00f6rutom fastighetsr\u00e5dgivning och transaktioner nu \u00e4ven inkluderar lokaluthyrning. Vi ser fram<span class=\"apple-converted-space\">\u00a0<\/span><\/span><\/p>\n<p class=\"xmsonormal\"><span data-ogsc=\"rgb(33, 33, 33)\">emot fortsatt gott samarbete med b\u00e5de nya och gamla kunder.<\/span><\/p>\n<p>[\/et_pb_fullwidth_header][\/et_pb_section]<\/p>\n","protected":false},"excerpt":{"rendered":"<p>Sedan \u00e5rsskiftet \u00e4r vi p\u00e5 Cronholms &amp; Partners en del av Sundsstaden och blir d\u00e4rmed \u00e4nnu\u00a0 starkare i hela \u00d6resundsregionen, inte minst i Helsingborg d\u00e4r v\u00e5rt tj\u00e4nsteutbud breddas och\u00a0 f\u00f6rutom fastighetsr\u00e5dgivning och transaktioner nu \u00e4ven inkluderar lokaluthyrning. Vi ser fram\u00a0 emot fortsatt gott samarbete med b\u00e5de nya och gamla kunder.<\/p>\n","protected":false},"author":1,"featured_media":0,"parent":0,"menu_order":0,"comment_status":"closed","ping_status":"closed","template":"","meta":{"_et_pb_use_builder":"on","_et_pb_old_content":"<!-- wp:divi\/placeholder \/-->","_et_gb_content_width":"","footnotes":""},"class_list":["post-9","page","type-page","status-publish","hentry"],"_links":{"self":[{"href":"https:\/\/sundsstaden.se\/cronholms.se\/index.php?rest_route=\/wp\/v2\/pages\/9","targetHints":{"allow":["GET"]}}],"collection":[{"href":"https:\/\/sundsstaden.se\/cronholms.se\/index.php?rest_route=\/wp\/v2\/pages"}],"about":[{"href":"https:\/\/sundsstaden.se\/cronholms.se\/index.php?rest_route=\/wp\/v2\/types\/page"}],"author":[{"embeddable":true,"href":"https:\/\/sundsstaden.se\/cronholms.se\/index.php?rest_route=\/wp\/v2\/users\/1"}],"replies":[{"embeddable":true,"href":"https:\/\/sundsstaden.se\/cronholms.se\/index.php?rest_route=%2Fwp%2Fv2%2Fcomments&post=9"}],"version-history":[{"count":16,"href":"https:\/\/sundsstaden.se\/cronholms.se\/index.php?rest_route=\/wp\/v2\/pages\/9\/revisions"}],"predecessor-version":[{"id":43,"href":"https:\/\/sundsstaden.se\/cronholms.se\/index.php?rest_route=\/wp\/v2\/pages\/9\/revisions\/43"}],"wp:attachment":[{"href":"https:\/\/sundsstaden.se\/cronholms.se\/index.php?rest_route=%2Fwp%2Fv2%2Fmedia&parent=9"}],"curies":[{"name":"wp","href":"https:\/\/api.w.org\/{rel}","templated":true}]}}